{"id":1708,"date":"2021-10-18T20:41:33","date_gmt":"2021-10-18T20:41:33","guid":{"rendered":"http:\/\/antai.atthost24.pl\/?page_id=1708"},"modified":"2021-10-18T20:52:16","modified_gmt":"2021-10-18T20:52:16","slug":"rok-2020-podsumowanie","status":"publish","type":"page","link":"https:\/\/karate-antai.pl\/?page_id=1708","title":{"rendered":"Rok 2020 &#8211; podsumowanie"},"content":{"rendered":"\t\t<div data-elementor-type=\"wp-page\" data-elementor-id=\"1708\" class=\"elementor elementor-1708\">\n\t\t\t\t\t\t\t\t\t<section class=\"elementor-section elementor-top-section elementor-element elementor-element-95eaf43 elementor-section-boxed elementor-section-height-default elementor-section-height-default\" data-id=\"95eaf43\" data-element_type=\"section\">\n\t\t\t\t\t\t<div class=\"elementor-container elementor-column-gap-default\">\n\t\t\t\t\t<div class=\"elementor-column elementor-col-100 elementor-top-column elementor-element elementor-element-a5158ca\" data-id=\"a5158ca\" data-element_type=\"column\">\n\t\t\t<div class=\"elementor-widget-wrap elementor-element-populated\">\n\t\t\t\t\t\t\t\t<div class=\"elementor-element elementor-element-24ebf82 elementor-widget elementor-widget-heading\" data-id=\"24ebf82\" data-element_type=\"widget\" data-widget_type=\"heading.default\">\n\t\t\t\t<div class=\"elementor-widget-container\">\n\t\t\t<style>\/*! elementor - v3.8.1 - 13-11-2022 *\/\n.elementor-heading-title{padding:0;margin:0;line-height:1}.elementor-widget-heading .elementor-heading-title[class*=elementor-size-]>a{color:inherit;font-size:inherit;line-height:inherit}.elementor-widget-heading .elementor-heading-title.elementor-size-small{font-size:15px}.elementor-widget-heading .elementor-heading-title.elementor-size-medium{font-size:19px}.elementor-widget-heading .elementor-heading-title.elementor-size-large{font-size:29px}.elementor-widget-heading .elementor-heading-title.elementor-size-xl{font-size:39px}.elementor-widget-heading .elementor-heading-title.elementor-size-xxl{font-size:59px}<\/style><h2 class=\"elementor-heading-title elementor-size-default\">Rok 2020 - podsumowanie<\/h2>\t\t<\/div>\n\t\t\t\t<\/div>\n\t\t\t\t\t<\/div>\n\t\t<\/div>\n\t\t\t\t\t\t\t<\/div>\n\t\t<\/section>\n\t\t\t\t<section class=\"elementor-section elementor-top-section elementor-element elementor-element-9edff95 elementor-section-boxed elementor-section-height-default elementor-section-height-default\" data-id=\"9edff95\" data-element_type=\"section\">\n\t\t\t\t\t\t<div class=\"elementor-container elementor-column-gap-default\">\n\t\t\t\t\t<div class=\"elementor-column elementor-col-100 elementor-top-column elementor-element elementor-element-ea0c282\" data-id=\"ea0c282\" data-element_type=\"column\">\n\t\t\t<div class=\"elementor-widget-wrap elementor-element-populated\">\n\t\t\t\t\t\t\t\t<div class=\"elementor-element elementor-element-55b37fe elementor-widget elementor-widget-text-editor\" data-id=\"55b37fe\" data-element_type=\"widget\" data-widget_type=\"text-editor.default\">\n\t\t\t\t<div class=\"elementor-widget-container\">\n\t\t\t<style>\/*! elementor - v3.8.1 - 13-11-2022 *\/\n.elementor-widget-text-editor.elementor-drop-cap-view-stacked .elementor-drop-cap{background-color:#818a91;color:#fff}.elementor-widget-text-editor.elementor-drop-cap-view-framed .elementor-drop-cap{color:#818a91;border:3px solid;background-color:transparent}.elementor-widget-text-editor:not(.elementor-drop-cap-view-default) .elementor-drop-cap{margin-top:8px}.elementor-widget-text-editor:not(.elementor-drop-cap-view-default) .elementor-drop-cap-letter{width:1em;height:1em}.elementor-widget-text-editor .elementor-drop-cap{float:left;text-align:center;line-height:1;font-size:50px}.elementor-widget-text-editor .elementor-drop-cap-letter{display:inline-block}<\/style>\t\t\t\t<div id=\"page-zones__main-widgets__5fe89d113d168\" class=\"content widget js-widget\" data-name=\"content\" data-uniqueid=\"mZtzabjEl08SzLC\" data-parentuniqueid=\"chZLsXCe1F6ZPxv\"><div class=\"bk-content-text js-text-content wysihtml-editor-content\"><h2>20.12.2020 XVI MISTRZOSTWA KARATE w Swarz\u0119dzu<\/h2><\/div><\/div><div id=\"page-zones__main-widgets__5fe89d467afa7\" class=\"content widget js-widget\" data-name=\"content\" data-uniqueid=\"Zf7c5z6NJ9SZFUh\" data-parentuniqueid=\"chZLsXCe1F6ZPxv\"><div class=\"bk-content-text js-text-content wysihtml-editor-content\"><p>Klub Karate LZS ANTAI zako\u0144czy\u0142 sezon sportowy\u00a0bior\u0105c udzia\u0142 w\u00a0<b>XVI MISTRZOSTWACH KARATE w Swarz\u0119dzu<\/b>.<br \/>W turnieju tym udzia\u0142 wzi\u0119\u0142o 18-tu cz\u0142onk\u00f3w naszego klubu.<br \/>Nasze ANTAI-ki walczy\u0142y w takich konkurencjiach jak:<\/p><ul><li>Kata indywidualne<br \/>Kata dru\u017cynowe<br \/>Kumite indywidualne<\/li><li>zdobywaj\u0105c \u0142\u0105cznie 23 medale:<\/li><\/ul><ul><li>7 z\u0142otych<br \/>9 srebrnych<br \/>7 br\u0105zowych<br \/><br \/><\/li><\/ul><p><b>Medale z\u0142ote zdobyli:<\/b><br \/>1. Micha\u0142 Stefaniak w Kata, kumite, kata<br \/>2. Mateusz Socha w Kata, kumite<br \/>3. Maciej B\u0142otniak w kata<br \/>4.leon Nowaczek w kumite<\/p><p><b>Medale srebrne:<\/b><br \/>1. Mateusz Socha w kata<br \/>2. Micha\u0142 Bartczak w kata<br \/>3. Pawe\u0142 Rabenda w Kata i kumite<br \/>4. Mateusz Pier\u015bci\u0144ski Kata i kumite<br \/>5. Bartosz Pier\u015bci\u0144ski kumite<br \/>6. Wiktor \u0141ysik kumite<br \/>7. Franciszek Przybylski kumite<\/p><p><b>Medale br\u0105zowe:<\/b><br \/>1. Maciej B\u0142otniak Kata i kumite<br \/>2. Micha\u0142 Bartczak kumite<br \/>3. Franciszek Przybylski Kata<br \/>4. Mateusz Pier\u015bci\u0144ski kata<br \/>5. Bartosz Pier\u015bci\u0144ski Kata<br \/>6. Gracjan Jasi\u0144ski kata<\/p><p><b>Wszystkim naszym Zawodnikom gratulujemy tak wspania\u0142ych wynik\u00f3w sportowych!<\/b><\/p><p>Kolejny raz wyjazd odby\u0142 si\u0119 dzi\u0119ki pomocy Gminy oraz Starostwa. Cieszymy si\u0119 \u017ce nasze ANTAI-ki mog\u0142y godnie reprezentowa\u0107 Klub karate LZS ANTAI oraz Gmin\u0119 i Starostwo.<\/p><p><b>ARIGATO OSS !!!<\/b><\/p><\/div><\/div>\t\t\t\t\t\t<\/div>\n\t\t\t\t<\/div>\n\t\t\t\t\t<\/div>\n\t\t<\/div>\n\t\t\t\t\t\t\t<\/div>\n\t\t<\/section>\n\t\t\t\t<section class=\"elementor-section elementor-top-section elementor-element elementor-element-0b26814 elementor-section-boxed elementor-section-height-default elementor-section-height-default\" data-id=\"0b26814\" data-element_type=\"section\">\n\t\t\t\t\t\t<div class=\"elementor-container elementor-column-gap-default\">\n\t\t\t\t\t<div class=\"elementor-column elementor-col-100 elementor-top-column elementor-element elementor-element-a16cd90\" data-id=\"a16cd90\" data-element_type=\"column\">\n\t\t\t<div class=\"elementor-widget-wrap elementor-element-populated\">\n\t\t\t\t\t\t\t\t<div class=\"elementor-element elementor-element-0f63b74 elementor-widget elementor-widget-text-editor\" data-id=\"0f63b74\" data-element_type=\"widget\" data-widget_type=\"text-editor.default\">\n\t\t\t\t<div class=\"elementor-widget-container\">\n\t\t\t\t\t\t\t<div id=\"page-zones__main-widgets__5fe89d113d168\" class=\"content widget js-widget\" data-name=\"content\" data-uniqueid=\"mZtzabjEl08SzLC\" data-parentuniqueid=\"chZLsXCe1F6ZPxv\"><div class=\"bk-content-text js-text-content wysihtml-editor-content\"><h2>20.12.2020<\/h2><h2><span class=\"wysiwyg-font-size-24\">:: SHOBU- KAN CUP XVI Og\u00f3lnopolski Turniej Karate Shotokan Dzieci<br \/><\/span><\/h2><h2><span class=\"wysiwyg-font-size-24\">:: Puchar Polski karate shotokan<\/span><\/h2><\/div><\/div><div id=\"page-zones__main-widgets__5fe89d467afa7\" class=\"content widget js-widget\" data-name=\"content\" data-uniqueid=\"Zf7c5z6NJ9SZFUh\" data-parentuniqueid=\"chZLsXCe1F6ZPxv\"><div class=\"bk-content-text js-text-content wysihtml-editor-content\"><p>Klub Karate LZS ANTAI zako\u0144czy\u0142 sezon sportowy\u00a0bior\u0105c udzia\u0142 w\u00a0<b>XVI MISTRZOSTWACH KARATE w Swarz\u0119dzu<\/b>.<\/p><p>Nasze ANTAI-ki w wieku 9-13 lat wywalczy\u0142y w tym turnieju a\u017c 9 medali w w konkurencjach Kata i kumite.\u00a0<\/p><ul><li><span style=\"color: var( --e-global-color-e349450 ); font-family: var( --e-global-typography-text-font-family ), Sans-serif; font-weight: var( --e-global-typography-text-font-weight );\">2 z\u0142ote<br \/><\/span>1 srebrny<br \/>6 brazowych<\/li><li>\u00a0<\/li><\/ul><p>Nasi starsi zawodnicy w wieku 14-17 lat wzi\u0119li udzia\u0142 w: PUCHARZE POLSKI Karate Shotokan gdzie zdobyli \u0142\u0105cznie 18 medali, w\u00a0konkurencjach Kata dru\u017cynowym, kata indywidualne oraz Kumite indywidualne.<\/p><ul><li>2 z\u0142ote<br \/>5 srebrnych<br \/>11 br\u0105zowych<\/li><\/ul><p>\u0141\u0105cznie nasz klub zdoby\u0142 27 medali!<\/p><p><b>Z\u0142ote medale zdobyli:<br \/><\/b>1.Marta Rak<br \/>2. Maciej B\u0142otniak<br \/>3.Franciszek Przybylski<br \/>4. Bartosz Pier\u015bci\u0144ski<\/p><p><b>Srebrne medale zdobyli:<br \/><\/b>1.Mateusz Socha<br \/>2. Micha\u0142 Stefaniak<br \/>3. Maciej B\u0142otniak<br \/>4. Pawe\u0142 Rabenda<br \/>5. Mateusz Socha<br \/>6. \u0141ukasz Mazur<\/p><p><b>Br\u0105zowe medale zdobyli:<br \/><\/b>1. Micha\u0142 Bartczak<br \/>2. Maciej B\u0142otniak<br \/>3. Sebastian Narolski<br \/>4. Sebastian Narolski<br \/>5. Mateusz Pier\u015bci\u0144ski<br \/>6. Mateusz Pier\u015bci\u0144ski<br \/>7. Marta Rak<br \/>8. Micha\u0142 Stefaniak<br \/>9.Micha\u0142 Bartczak<br \/>10. Mateusz Pier\u015bci\u0144ski<br \/>11. Pawe\u0142 Rabenda<br \/>12. Filip Hawryluk<br \/>13. Longin Luth-Wiepert<br \/>14. Wiktor \u0141ysik<br \/>15. Leon Nowaczek<br \/>16. Leon Nowaczek<br \/>17. Franciszek Przybylski<\/p><p>Cieszymy si\u0119, \u017ce dzieci naszego Klubu mog\u0142y godnie reprezentowa\u0107 Gmin\u0119, Powiat oraz Klub Antai. Dzi\u0119kujemy Gminie oraz Powiatowi Pyrzyce za dofinansowanie naszego wyjazdu.<br \/>Wszystkim Naszym podopiecznym gratuluj\u0119 wynik\u00f3w i \u017cycz\u0119 dalszych sukces\u00f3w sportowych.\u00a0<b>OSS !!!<\/b><\/p><\/div><\/div>\t\t\t\t\t\t<\/div>\n\t\t\t\t<\/div>\n\t\t\t\t\t<\/div>\n\t\t<\/div>\n\t\t\t\t\t\t\t<\/div>\n\t\t<\/section>\n\t\t\t\t\t\t\t<\/div>\n\t\t","protected":false},"excerpt":{"rendered":"<p>Rok 2020 &#8211; podsumowanie 20.12.2020 XVI MISTRZOSTWA KARATE w Swarz\u0119dzu Klub Karate LZS ANTAI zako\u0144czy\u0142 sezon sportowy\u00a0bior\u0105c udzia\u0142 w\u00a0XVI MISTRZOSTWACH KARATE w Swarz\u0119dzu.W turnieju tym udzia\u0142 wzi\u0119\u0142o 18-tu cz\u0142onk\u00f3w naszego klubu.Nasze ANTAI-ki walczy\u0142y w takich konkurencjiach jak: Kata indywidualneKata dru\u017cynoweKumite indywidualne zdobywaj\u0105c \u0142\u0105cznie 23 medale: 7 z\u0142otych9 srebrnych7 br\u0105zowych Medale z\u0142ote zdobyli:1. Micha\u0142 Stefaniak w Kata, kumite, kata2. Mateusz Socha [&hellip;]<\/p>\n","protected":false},"author":1,"featured_media":0,"parent":0,"menu_order":0,"comment_status":"closed","ping_status":"closed","template":"","meta":{"footnotes":""},"class_list":["post-1708","page","type-page","status-publish","hentry"],"_links":{"self":[{"href":"https:\/\/karate-antai.pl\/index.php?rest_route=\/wp\/v2\/pages\/1708","targetHints":{"allow":["GET"]}}],"collection":[{"href":"https:\/\/karate-antai.pl\/index.php?rest_route=\/wp\/v2\/pages"}],"about":[{"href":"https:\/\/karate-antai.pl\/index.php?rest_route=\/wp\/v2\/types\/page"}],"author":[{"embeddable":true,"href":"https:\/\/karate-antai.pl\/index.php?rest_route=\/wp\/v2\/users\/1"}],"replies":[{"embeddable":true,"href":"https:\/\/karate-antai.pl\/index.php?rest_route=%2Fwp%2Fv2%2Fcomments&post=1708"}],"version-history":[{"count":10,"href":"https:\/\/karate-antai.pl\/index.php?rest_route=\/wp\/v2\/pages\/1708\/revisions"}],"predecessor-version":[{"id":1718,"href":"https:\/\/karate-antai.pl\/index.php?rest_route=\/wp\/v2\/pages\/1708\/revisions\/1718"}],"wp:attachment":[{"href":"https:\/\/karate-antai.pl\/index.php?rest_route=%2Fwp%2Fv2%2Fmedia&parent=1708"}],"curies":[{"name":"wp","href":"https:\/\/api.w.org\/{rel}","templated":true}]}}